{"id":1860,"date":"2026-02-04T13:33:40","date_gmt":"2026-02-04T18:33:40","guid":{"rendered":"https:\/\/www.provem.ca\/members-restricted\/"},"modified":"2026-03-26T13:50:17","modified_gmt":"2026-03-26T17:50:17","slug":"members-restricted","status":"publish","type":"page","link":"https:\/\/www.provem.ca\/fr\/members-restricted\/","title":{"rendered":"Members (restricted)"},"content":{"rendered":"\t\t<div data-elementor-type=\"wp-page\" data-elementor-id=\"1860\" class=\"elementor elementor-1860 elementor-1121\" data-elementor-post-type=\"page\">\n\t\t\t\t<div class=\"elementor-element elementor-element-691bb48 e-flex e-con-boxed e-con e-parent\" data-id=\"691bb48\" data-element_type=\"container\" data-e-type=\"container\" data-settings=\"{&quot;background_background&quot;:&quot;classic&quot;}\">\n\t\t\t\t\t<div class=\"e-con-inner\">\n\t\t<div class=\"elementor-element elementor-element-910963e e-con-full e-flex e-con e-child\" data-id=\"910963e\" data-element_type=\"container\" data-e-type=\"container\">\n\t\t<div class=\"elementor-element elementor-element-de55fb5 e-con-full e-flex e-con e-child\" data-id=\"de55fb5\" data-element_type=\"container\" data-e-type=\"container\">\n\t\t<div class=\"elementor-element elementor-element-5eadde6 e-con-full e-flex e-con e-child\" data-id=\"5eadde6\" data-element_type=\"container\" data-e-type=\"container\">\n\t\t\t\t<div class=\"elementor-element elementor-element-d05418e elementor-invisible elementor-widget elementor-widget-heading\" data-id=\"d05418e\" data-element_type=\"widget\" data-e-type=\"widget\" data-settings=\"{&quot;_animation&quot;:&quot;fadeIn&quot;}\" data-widget_type=\"heading.default\">\n\t\t\t\t\t<h2 class=\"elementor-heading-title elementor-size-default\">Se connecter<\/h2>\t\t\t\t<\/div>\n\t\t\t\t<div class=\"elementor-element elementor-element-a3285c6 elementor-invisible elementor-widget elementor-widget-text-editor\" data-id=\"a3285c6\" data-element_type=\"widget\" data-e-type=\"widget\" data-settings=\"{&quot;_animation&quot;:&quot;fadeIn&quot;}\" data-widget_type=\"text-editor.default\">\n\t\t\t\t\t\t\t\t\t<p>Veuillez vous connecter au site en utilisant vos identifiants de compte <strong>PROVEM<\/strong> pour acc\u00e9der au contenu restreint.<\/p>\t\t\t\t\t\t\t\t<\/div>\n\t\t\t\t<div class=\"elementor-element elementor-element-0019d19 elementor-invisible elementor-widget elementor-widget-text-editor\" data-id=\"0019d19\" data-element_type=\"widget\" data-e-type=\"widget\" data-settings=\"{&quot;_animation&quot;:&quot;fadeIn&quot;}\" data-widget_type=\"text-editor.default\">\n\t\t\t\t\t\t\t\t\t<p>Si vous n&rsquo;avez pas acc\u00e8s \u00e0 PROVEM, veuillez suivre le <a href=\"https:\/\/www.provem.ca\/fr\/devenir-membre\/#apply-form\"><strong>lien<\/strong><\/a> pour cr\u00e9er un compte.<\/p>\t\t\t\t\t\t\t\t<\/div>\n\t\t\t\t<\/div>\n\t\t\t\t<div class=\"elementor-element elementor-element-8e6ae79 elementor-hidden-mobile elementor-invisible elementor-widget elementor-widget-image\" data-id=\"8e6ae79\" data-element_type=\"widget\" data-e-type=\"widget\" data-settings=\"{&quot;_animation&quot;:&quot;fadeIn&quot;}\" data-widget_type=\"image.default\">\n\t\t\t\t\t\t\t\t\t\t\t\t\t\t\t<img decoding=\"async\" width=\"447\" height=\"67\" src=\"https:\/\/www.provem.ca\/wp-content\/uploads\/2026\/01\/Group-15.png\" class=\"attachment-large size-large wp-image-503\" alt=\"\" srcset=\"https:\/\/www.provem.ca\/wp-content\/uploads\/2026\/01\/Group-15.png 447w, https:\/\/www.provem.ca\/wp-content\/uploads\/2026\/01\/Group-15-300x45.png 300w\" sizes=\"(max-width: 447px) 100vw, 447px\" \/>\t\t\t\t\t\t\t\t\t\t\t\t\t\t\t<\/div>\n\t\t\t\t<\/div>\n\t\t<div class=\"elementor-element elementor-element-7ded3be e-con-full e-flex elementor-invisible e-con e-child\" data-id=\"7ded3be\" data-element_type=\"container\" data-e-type=\"container\" data-settings=\"{&quot;animation&quot;:&quot;fadeIn&quot;}\">\n\t\t<div class=\"elementor-element elementor-element-ee43720 e-con-full e-flex e-con e-child\" data-id=\"ee43720\" data-element_type=\"container\" data-e-type=\"container\" data-settings=\"{&quot;background_background&quot;:&quot;classic&quot;}\">\n\t\t\t\t<div class=\"elementor-element elementor-element-aaf6508 elementor-widget__width-initial elementor-widget elementor-widget-login\" data-id=\"aaf6508\" data-element_type=\"widget\" data-e-type=\"widget\" data-widget_type=\"login.default\">\n\t\t\t\t\t\t\t<form class=\"elementor-login elementor-form\" method=\"post\" action=\"https:\/\/www.provem.ca\/fr\/wp-login.php\" aria-label=\"Login form\">\n\t\t\t<input type=\"hidden\" name=\"redirect_to\" value=\"\/members\">\n\t\t\t<div class=\"elementor-form-fields-wrapper\">\n\t\t\t\t<div class=\"elementor-field-type-text elementor-field-group elementor-column elementor-col-100 elementor-field-required\">\n\t\t\t\t\t<label for=\"user-aaf6508\" class=\"elementor-field-label\">Adresse email<\/label>\n\t\t\t\t\t<input size=\"1\" type=\"text\" name=\"log\" id=\"user-aaf6508\" placeholder=\"Adresse e-mail\" class=\"elementor-field elementor-field-textual elementor-size-sm\">\n\t\t\t\t<\/div>\n\t\t\t\t<div class=\"elementor-field-type-text elementor-field-group elementor-column elementor-col-100 elementor-field-required\">\n\t\t\t\t\t<label for=\"password-aaf6508\" class=\"elementor-field-label\">Mot de passe<\/label>\n\t\t\t\t\t<input size=\"1\" type=\"password\" name=\"pwd\" id=\"password-aaf6508\" placeholder=\"Mot de passe\" class=\"elementor-field elementor-field-textual elementor-size-sm\">\n\t\t\t\t<\/div>\n\n\t\t\t\t\t\t\t\t\t<div class=\"elementor-field-type-checkbox elementor-field-group elementor-column elementor-col-100 elementor-remember-me\">\n\t\t\t\t\t\t<label for=\"elementor-login-remember-me\">\n\t\t\t\t\t\t\t<input type=\"checkbox\" id=\"elementor-login-remember-me\" name=\"rememberme\" value=\"forever\">\n\t\t\t\t\t\t\tSe souvenir de moi\t\t\t\t\t\t<\/label>\n\t\t\t\t\t<\/div>\n\t\t\t\t\n\t\t\t\t<div class=\"elementor-field-group elementor-column elementor-field-type-submit elementor-col-100\">\n\t\t\t\t\t<button type=\"submit\" class=\"elementor-size-sm elementor-button\" name=\"wp-submit\">\n\t\t\t\t\t\t\t\t\t\t\t\t\t\t\t<span class=\"elementor-button-text\">Se connecter<\/span>\n\t\t\t\t\t\t\t\t\t\t\t\t<\/button>\n\t\t\t\t<\/div>\n\n\t\t\t\t\t\t\t\t\t<div class=\"elementor-field-group elementor-column elementor-col-100\">\n\t\t\t\t\t\t\t\t\t\t\t\t\t\t\t\t\t\t\t\t<a class=\"elementor-lost-password\" href=\"https:\/\/www.provem.ca\/fr\/wp-login.php?action=lostpassword&redirect_to=%2Fmembers\">\n\t\t\t\t\t\t\t\tMot de passe perdu\u00a0?\t\t\t\t\t\t\t<\/a>\n\t\t\t\t\t\t\n\t\t\t\t\t\t\t\t\t\t\t<\/div>\n\t\t\t\t\t\t\t<\/div>\n\t\t<\/form>\n\t\t\t\t\t\t<\/div>\n\t\t\t\t<\/div>\n\t\t\t\t<\/div>\n\t\t\t\t<\/div>\n\t\t\t\t\t<\/div>\n\t\t\t\t<\/div>\n\t\t\t\t<\/div>\n\t\t","protected":false},"excerpt":{"rendered":"<p>Membres D\u00e9connexion Se connecter Veuillez vous connecter au site en utilisant vos identifiants de compte PROVEM pour acc\u00e9der au contenu restreint. Si vous n&rsquo;avez pas acc\u00e8s \u00e0 PROVEM, veuillez suivre le lien pour cr\u00e9er un compte. Du contenu arrive bient\u00f4t Contenu restreint Titre Description PDF What is Lorem Ipsum? Lorem Ipsum est simplement un faux [&hellip;]<\/p>\n","protected":false},"author":1,"featured_media":0,"parent":0,"menu_order":0,"comment_status":"closed","ping_status":"closed","template":"","meta":{"footnotes":""},"class_list":["post-1860","page","type-page","status-publish","hentry"],"yoast_head":"<!-- This site is optimized with the Yoast SEO plugin v27.4 - https:\/\/yoast.com\/product\/yoast-seo-wordpress\/ -->\n<title>Members (restricted) - Provem<\/title>\n<meta name=\"robots\" content=\"index, follow, max-snippet:-1, max-image-preview:large, max-video-preview:-1\" \/>\n<link rel=\"canonical\" href=\"https:\/\/www.provem.ca\/fr\/members-restricted\/\" \/>\n<meta property=\"og:locale\" content=\"fr_FR\" \/>\n<meta property=\"og:type\" content=\"article\" \/>\n<meta property=\"og:title\" content=\"Members (restricted) - Provem\" \/>\n<meta property=\"og:description\" content=\"Membres D\u00e9connexion Se connecter Veuillez vous connecter au site en utilisant vos identifiants de compte PROVEM pour acc\u00e9der au contenu restreint. Si vous n&rsquo;avez pas acc\u00e8s \u00e0 PROVEM, veuillez suivre le lien pour cr\u00e9er un compte. Du contenu arrive bient\u00f4t Contenu restreint Titre Description PDF What is Lorem Ipsum? Lorem Ipsum est simplement un faux [&hellip;]\" \/>\n<meta property=\"og:url\" content=\"https:\/\/www.provem.ca\/fr\/members-restricted\/\" \/>\n<meta property=\"og:site_name\" content=\"Provem\" \/>\n<meta property=\"article:modified_time\" content=\"2026-03-26T17:50:17+00:00\" \/>\n<meta property=\"og:image\" content=\"https:\/\/www.provem.ca\/wp-content\/uploads\/2026\/01\/Group-15.png\" \/>\n<meta name=\"twitter:card\" content=\"summary_large_image\" \/>\n<meta name=\"twitter:label1\" content=\"Dur\u00e9e de lecture estim\u00e9e\" \/>\n\t<meta name=\"twitter:data1\" content=\"1 minute\" \/>\n<script type=\"application\/ld+json\" class=\"yoast-schema-graph\">{\"@context\":\"https:\\\/\\\/schema.org\",\"@graph\":[{\"@type\":\"WebPage\",\"@id\":\"https:\\\/\\\/www.provem.ca\\\/fr\\\/members-restricted\\\/\",\"url\":\"https:\\\/\\\/www.provem.ca\\\/fr\\\/members-restricted\\\/\",\"name\":\"Members (restricted) - Provem\",\"isPartOf\":{\"@id\":\"https:\\\/\\\/www.provem.ca\\\/#website\"},\"primaryImageOfPage\":{\"@id\":\"https:\\\/\\\/www.provem.ca\\\/fr\\\/members-restricted\\\/#primaryimage\"},\"image\":{\"@id\":\"https:\\\/\\\/www.provem.ca\\\/fr\\\/members-restricted\\\/#primaryimage\"},\"thumbnailUrl\":\"https:\\\/\\\/www.provem.ca\\\/wp-content\\\/uploads\\\/2026\\\/01\\\/Group-15.png\",\"datePublished\":\"2026-02-04T18:33:40+00:00\",\"dateModified\":\"2026-03-26T17:50:17+00:00\",\"breadcrumb\":{\"@id\":\"https:\\\/\\\/www.provem.ca\\\/fr\\\/members-restricted\\\/#breadcrumb\"},\"inLanguage\":\"fr-FR\",\"potentialAction\":[{\"@type\":\"ReadAction\",\"target\":[\"https:\\\/\\\/www.provem.ca\\\/fr\\\/members-restricted\\\/\"]}]},{\"@type\":\"ImageObject\",\"inLanguage\":\"fr-FR\",\"@id\":\"https:\\\/\\\/www.provem.ca\\\/fr\\\/members-restricted\\\/#primaryimage\",\"url\":\"https:\\\/\\\/www.provem.ca\\\/wp-content\\\/uploads\\\/2026\\\/01\\\/Group-15.png\",\"contentUrl\":\"https:\\\/\\\/www.provem.ca\\\/wp-content\\\/uploads\\\/2026\\\/01\\\/Group-15.png\"},{\"@type\":\"BreadcrumbList\",\"@id\":\"https:\\\/\\\/www.provem.ca\\\/fr\\\/members-restricted\\\/#breadcrumb\",\"itemListElement\":[{\"@type\":\"ListItem\",\"position\":1,\"name\":\"Home\",\"item\":\"https:\\\/\\\/www.provem.ca\\\/fr\\\/\"},{\"@type\":\"ListItem\",\"position\":2,\"name\":\"Members (restricted)\"}]},{\"@type\":\"WebSite\",\"@id\":\"https:\\\/\\\/www.provem.ca\\\/#website\",\"url\":\"https:\\\/\\\/www.provem.ca\\\/\",\"name\":\"Provem\",\"description\":\"Provem website\",\"publisher\":{\"@id\":\"https:\\\/\\\/www.provem.ca\\\/#organization\"},\"potentialAction\":[{\"@type\":\"SearchAction\",\"target\":{\"@type\":\"EntryPoint\",\"urlTemplate\":\"https:\\\/\\\/www.provem.ca\\\/?s={search_term_string}\"},\"query-input\":{\"@type\":\"PropertyValueSpecification\",\"valueRequired\":true,\"valueName\":\"search_term_string\"}}],\"inLanguage\":\"fr-FR\"},{\"@type\":\"Organization\",\"@id\":\"https:\\\/\\\/www.provem.ca\\\/#organization\",\"name\":\"Provem\",\"url\":\"https:\\\/\\\/www.provem.ca\\\/\",\"logo\":{\"@type\":\"ImageObject\",\"inLanguage\":\"fr-FR\",\"@id\":\"https:\\\/\\\/www.provem.ca\\\/#\\\/schema\\\/logo\\\/image\\\/\",\"url\":\"https:\\\/\\\/www.provem.ca\\\/wp-content\\\/uploads\\\/2026\\\/01\\\/logo.svg\",\"contentUrl\":\"https:\\\/\\\/www.provem.ca\\\/wp-content\\\/uploads\\\/2026\\\/01\\\/logo.svg\",\"width\":240,\"height\":55,\"caption\":\"Provem\"},\"image\":{\"@id\":\"https:\\\/\\\/www.provem.ca\\\/#\\\/schema\\\/logo\\\/image\\\/\"}}]}<\/script>\n<!-- \/ Yoast SEO plugin. -->","yoast_head_json":{"title":"Members (restricted) - Provem","robots":{"index":"index","follow":"follow","max-snippet":"max-snippet:-1","max-image-preview":"max-image-preview:large","max-video-preview":"max-video-preview:-1"},"canonical":"https:\/\/www.provem.ca\/fr\/members-restricted\/","og_locale":"fr_FR","og_type":"article","og_title":"Members (restricted) - Provem","og_description":"Membres D\u00e9connexion Se connecter Veuillez vous connecter au site en utilisant vos identifiants de compte PROVEM pour acc\u00e9der au contenu restreint. Si vous n&rsquo;avez pas acc\u00e8s \u00e0 PROVEM, veuillez suivre le lien pour cr\u00e9er un compte. Du contenu arrive bient\u00f4t Contenu restreint Titre Description PDF What is Lorem Ipsum? Lorem Ipsum est simplement un faux [&hellip;]","og_url":"https:\/\/www.provem.ca\/fr\/members-restricted\/","og_site_name":"Provem","article_modified_time":"2026-03-26T17:50:17+00:00","og_image":[{"url":"https:\/\/www.provem.ca\/wp-content\/uploads\/2026\/01\/Group-15.png","type":"","width":"","height":""}],"twitter_card":"summary_large_image","twitter_misc":{"Dur\u00e9e de lecture estim\u00e9e":"1 minute"},"schema":{"@context":"https:\/\/schema.org","@graph":[{"@type":"WebPage","@id":"https:\/\/www.provem.ca\/fr\/members-restricted\/","url":"https:\/\/www.provem.ca\/fr\/members-restricted\/","name":"Members (restricted) - Provem","isPartOf":{"@id":"https:\/\/www.provem.ca\/#website"},"primaryImageOfPage":{"@id":"https:\/\/www.provem.ca\/fr\/members-restricted\/#primaryimage"},"image":{"@id":"https:\/\/www.provem.ca\/fr\/members-restricted\/#primaryimage"},"thumbnailUrl":"https:\/\/www.provem.ca\/wp-content\/uploads\/2026\/01\/Group-15.png","datePublished":"2026-02-04T18:33:40+00:00","dateModified":"2026-03-26T17:50:17+00:00","breadcrumb":{"@id":"https:\/\/www.provem.ca\/fr\/members-restricted\/#breadcrumb"},"inLanguage":"fr-FR","potentialAction":[{"@type":"ReadAction","target":["https:\/\/www.provem.ca\/fr\/members-restricted\/"]}]},{"@type":"ImageObject","inLanguage":"fr-FR","@id":"https:\/\/www.provem.ca\/fr\/members-restricted\/#primaryimage","url":"https:\/\/www.provem.ca\/wp-content\/uploads\/2026\/01\/Group-15.png","contentUrl":"https:\/\/www.provem.ca\/wp-content\/uploads\/2026\/01\/Group-15.png"},{"@type":"BreadcrumbList","@id":"https:\/\/www.provem.ca\/fr\/members-restricted\/#breadcrumb","itemListElement":[{"@type":"ListItem","position":1,"name":"Home","item":"https:\/\/www.provem.ca\/fr\/"},{"@type":"ListItem","position":2,"name":"Members (restricted)"}]},{"@type":"WebSite","@id":"https:\/\/www.provem.ca\/#website","url":"https:\/\/www.provem.ca\/","name":"Provem","description":"Provem website","publisher":{"@id":"https:\/\/www.provem.ca\/#organization"},"potentialAction":[{"@type":"SearchAction","target":{"@type":"EntryPoint","urlTemplate":"https:\/\/www.provem.ca\/?s={search_term_string}"},"query-input":{"@type":"PropertyValueSpecification","valueRequired":true,"valueName":"search_term_string"}}],"inLanguage":"fr-FR"},{"@type":"Organization","@id":"https:\/\/www.provem.ca\/#organization","name":"Provem","url":"https:\/\/www.provem.ca\/","logo":{"@type":"ImageObject","inLanguage":"fr-FR","@id":"https:\/\/www.provem.ca\/#\/schema\/logo\/image\/","url":"https:\/\/www.provem.ca\/wp-content\/uploads\/2026\/01\/logo.svg","contentUrl":"https:\/\/www.provem.ca\/wp-content\/uploads\/2026\/01\/logo.svg","width":240,"height":55,"caption":"Provem"},"image":{"@id":"https:\/\/www.provem.ca\/#\/schema\/logo\/image\/"}}]}},"_links":{"self":[{"href":"https:\/\/www.provem.ca\/fr\/wp-json\/wp\/v2\/pages\/1860","targetHints":{"allow":["GET"]}}],"collection":[{"href":"https:\/\/www.provem.ca\/fr\/wp-json\/wp\/v2\/pages"}],"about":[{"href":"https:\/\/www.provem.ca\/fr\/wp-json\/wp\/v2\/types\/page"}],"author":[{"embeddable":true,"href":"https:\/\/www.provem.ca\/fr\/wp-json\/wp\/v2\/users\/1"}],"replies":[{"embeddable":true,"href":"https:\/\/www.provem.ca\/fr\/wp-json\/wp\/v2\/comments?post=1860"}],"version-history":[{"count":2,"href":"https:\/\/www.provem.ca\/fr\/wp-json\/wp\/v2\/pages\/1860\/revisions"}],"predecessor-version":[{"id":1862,"href":"https:\/\/www.provem.ca\/fr\/wp-json\/wp\/v2\/pages\/1860\/revisions\/1862"}],"wp:attachment":[{"href":"https:\/\/www.provem.ca\/fr\/wp-json\/wp\/v2\/media?parent=1860"}],"curies":[{"name":"wp","href":"https:\/\/api.w.org\/{rel}","templated":true}]}}